{"id":7,"date":"2016-01-27T03:03:04","date_gmt":"2016-01-27T03:03:04","guid":{"rendered":"http:\/\/bertoldocontabilidade.com.br\/?page_id=7"},"modified":"2021-02-17T14:29:08","modified_gmt":"2021-02-17T14:29:08","slug":"links-uteis","status":"publish","type":"page","link":"https:\/\/bertoldocontabilidade.com.br\/index.php\/links-uteis\/","title":{"rendered":"Links \u00dateis"},"content":{"rendered":"<p><strong>Servi\u00e7os Mais Acessados<\/strong><\/p>\n<p><a href=\"https:\/\/palmitinho.atende.net\/?pg=autoatendimento#!\/tipo\/servico\/valor\/82\/padrao\/1\/load\/1\" target=\"_blank\">Nota Fiscal de Servi\u00e7os Eletr\u00f4nica (NFSe) &#8211; PALMITINHO\/RS<\/a><\/p>\n<p><a href=\"http:\/\/www.sefaz.rs.gov.br\/NFE\/NFE-NFA.aspx\" target=\"_blank\">Emiss\u00e3o de NFe Avulsa &#8211; Secretaria da Fazenda do Estado do Rio Grande do Sul<\/a><\/p>\n<p><a href=\"https:\/\/www.nfe.fazenda.gov.br\/PORTAL\/FormularioDePesquisa.aspx?tipoconsulta=completa\" target=\"_blank\">Consulta Nota Fiscal Eletr\u00f4nica (NFe) Completa<\/a><\/p>\n<p><a href=\"https:\/\/www.nfe.fazenda.gov.br\/PORTAL\/FormularioDePesquisa.aspx?tipoconsulta=resumo\" target=\"_blank\">Consulta Nota Fiscal Eletr\u00f4nica (NFe) Resumo<\/a><\/p>\n<p><a href=\"https:\/\/www.sifge.caixa.gov.br\/Cidadao\/Crf\/FgeCfSCriteriosPesquisa.asp\" target=\"_blank\">Certificado de Regularidade do FGTS (CRF) do Empregador<\/a><\/p>\n<p><a href=\"http:\/\/cnd.dataprev.gov.br\/cws\/contexto\/cnd\/cnd.html\" target=\"_blank\">Consulta da Certid\u00e3o Negativa de D\u00e9bitos (CND) do INSS<\/a><\/p>\n<p><a href=\"http:\/\/www.receita.fazenda.gov.br\/previdencia\/CND\/defaultpj.htm\" target=\"_blank\">Emiss\u00e3o da Certid\u00e3o Negativa de D\u00e9bitos (CND) do INSS<\/a><\/p>\n<p><a href=\"http:\/\/cnd.dataprev.gov.br\/cws\/contexto\/aguia02\/aguia02.html\" target=\"_blank\">Consulta Extrato de Contribui\u00e7\u00f5es de Empresas e Equiparados do INSS<\/a><\/p>\n<p><a href=\"https:\/\/www.sefaz.rs.gov.br\/sat\/CER-PUB-SOL.aspx?\" target=\"_blank\">Certid\u00e3o Negativa de D\u00e9bitos (CND) da Receita Estadual do Estado do Rio Grande do Sul<\/a><\/p>\n<p><a href=\"http:\/\/www.receita.fazenda.gov.br\/Aplicacoes\/ATSPO\/Certidao\/CndConjuntaInter\/InformaNICertidao.asp?Tipo=2\" target=\"_blank\">Certid\u00e3o Negativa de D\u00e9bitos (CND) de Pessoa F\u00edsica (CPF) na Receita Federal (PGFN)<\/a><\/p>\n<p><a href=\"http:\/\/www.receita.fazenda.gov.br\/Aplicacoes\/ATSPO\/Certidao\/CndConjuntaInter\/InformaNICertidao.asp?Tipo=1\" target=\"_blank\">Certid\u00e3o Negativa de D\u00e9bitos (CND) de Pessoa Jur\u00eddica (CNPJ) na Receita Federal (PGFN)<\/a><\/p>\n<p><a href=\"http:\/\/www3.dataprev.gov.br\/cws\/contexto\/captchar\/index_salEmpresa2.html\" target=\"_blank\">C\u00e1lculo de Contribui\u00e7\u00e3o Previdenci\u00e1ria<\/a><\/p>\n<p><a href=\"http:\/\/www.cnae.ibge.gov.br\/\" target=\"_blank\">Consulta do C\u00f3digo Nacional de Atividade Econ\u00f4mica (CNAE)<\/a><\/p>\n<p><a href=\"https:\/\/www.sped.fazenda.gov.br\/spedfiscalserver\/ConsultaContribuinte\/Default.aspx\" target=\"_blank\">Consulta da Situa\u00e7\u00e3o no SPED EFD<\/a><\/p>\n<p><a href=\"http:\/\/www.receita.fazenda.gov.br\/PessoaJuridica\/CNPJ\/cnpjreva\/Cnpjreva_Solicitacao.asp\" target=\"_blank\">Consulta e Emiss\u00e3o do Comprovante de Inscri\u00e7\u00e3o e de Situa\u00e7\u00e3o do CNPJ<\/a><\/p>\n<p><a href=\"http:\/\/www.receita.fazenda.gov.br\/Aplicacoes\/ATCTA\/cpf\/ConsultaPublica.asp\" target=\"_blank\">Consulta e Emiss\u00e3o de Comprovante de Inscri\u00e7\u00e3o e de Situa\u00e7\u00e3o do CPF<\/a><\/p>\n<p><a href=\"https:\/\/www.sefaz.rs.gov.br\/sef\/ICS-CON-PUB.aspx?\" target=\"_blank\">Consulta e Emiss\u00e3o de Comprovante de Inscri\u00e7\u00e3o Estadual &#8211; Estado do Rio Grande do Sul<\/a><\/p>\n<p>&nbsp;<\/p>\n<p><strong>Nota Fiscal Eletr\u00f4nica (NF-e)<br \/>\n<\/strong><\/p>\n<p><a href=\"http:\/\/www.sefaz.rs.gov.br\/NFE\/NFE-NFA.aspx\" target=\"_blank\">Emiss\u00e3o de NFe Avulsa &#8211; Secretaria da Fazenda do Estado do Rio Grande do Sul<\/a><\/p>\n<p><a href=\"https:\/\/www.nfe.fazenda.gov.br\/PORTAL\/FormularioDePesquisa.aspx?tipoconsulta=completa\" target=\"_blank\">Consulta Nota Fiscal Eletr\u00f4nica (NFe) Completa<\/a><\/p>\n<p><a href=\"https:\/\/www.nfe.fazenda.gov.br\/PORTAL\/FormularioDePesquisa.aspx?tipoconsulta=resumo\" target=\"_blank\">Consulta Nota Fiscal Eletr\u00f4nica (NFe) Resumo<\/a><\/p>\n<p><a href=\"https:\/\/www.sefaz.rs.gov.br\/sef\/ICS-CON-PUB.aspx?\" target=\"_blank\">Consulta e Emiss\u00e3o de Comprovante de Inscri\u00e7\u00e3o Estadual &#8211; Estado do Rio Grande do Sul<\/a><\/p>\n<p><a href=\"https:\/\/palmitinho.atende.net\/?pg=autoatendimento#!\/tipo\/servico\/valor\/82\/padrao\/1\/load\/1\" target=\"_blank\">Nota Fiscal de Servi\u00e7os Eletr\u00f4nica (NFSe) &#8211; PALMITINHO\/RS<\/a><\/p>\n<p>&nbsp;<\/p>\n<p><strong>Receita Estadual RS<\/strong><\/p>\n<p><a href=\"https:\/\/www.sefaz.rs.gov.br\/nfe\/nfe-nfa-mei.aspx\" target=\"_blank\">Nota Fiscal Avulsa MEI RS<\/a><\/p>\n<p>&nbsp;<\/p>\n<p><strong>Caixa Econ\u00f4mica Federal<\/strong><\/p>\n<p><a href=\"https:\/\/www.sifge.caixa.gov.br\/Cidadao\/Crf\/FgeCfSCriteriosPesquisa.asp\" target=\"_blank\">Certificado de Regularidade do FGTS (CRF) do Empregador<\/a><\/p>\n<p><a href=\"http:\/\/www1.caixa.gov.br\/download\/asp\/download.asp\" target=\"_blank\">Download de Aplicativos, Formul\u00e1rios, Tabelas e Documentos<\/a><\/p>\n<p><a href=\"http:\/\/www1.caixa.gov.br\/pj\/_redirect\/links\/r_cmt.asp\" target=\"_blank\">Conectividade Social<\/a><\/p>\n<p>&nbsp;<\/p>\n<p><strong>Previd\u00eancia Social (INSS)<br \/>\n<\/strong><\/p>\n<p><a href=\"http:\/\/cnd.dataprev.gov.br\/cws\/contexto\/cnd\/cnd.html\" target=\"_blank\">Consulta da Certid\u00e3o Negativa de D\u00e9bitos (CND) do INSS<\/a><\/p>\n<p><a href=\"http:\/\/www.receita.fazenda.gov.br\/previdencia\/CND\/defaultpj.htm\" target=\"_blank\">Emiss\u00e3o da Certid\u00e3o Negativa de D\u00e9bitos (CND) do INSS<\/a><\/p>\n<p><a href=\"http:\/\/cnd.dataprev.gov.br\/cws\/contexto\/aguia02\/aguia02.html\" target=\"_blank\">Consulta Extrato de Contribui\u00e7\u00f5es de Empresas e Equiparados do INSS<\/a><\/p>\n<p><a href=\"http:\/\/www010.dataprev.gov.br\/cws\/contexto\/irpf01\/index.html\" target=\"_blank\">Extrato para Imposto de Renda (IR)<\/a><\/p>\n<p><a href=\"http:\/\/www.dataprev.gov.br\/servicos\/cadint\/cadint.html\" target=\"_blank\">Inscri\u00e7\u00e3o na Previd\u00eancia Social<\/a><\/p>\n<p><a href=\"http:\/\/www3.dataprev.gov.br\/cws\/contexto\/captchar\/index_salEmpresa2.html\" target=\"_blank\">C\u00e1lculo de Contribui\u00e7\u00e3o Previdenci\u00e1ria<\/a><\/p>\n<p>&nbsp;<\/p>\n<p><strong>Receita Federal do Brasil<\/strong><\/p>\n<p><a href=\"http:\/\/www.receita.fazenda.gov.br\/Aplicacoes\/Atcta\/CPF\/Default.htm\" target=\"_blank\">Cadastro de Pessoa F\u00edsica (CPF)<\/a><\/p>\n<p><a href=\"http:\/\/www.receita.fazenda.gov.br\/PessoaJuridica\/CNPJ\/ConsulSitCadastralCnpj.htm\" target=\"_blank\">Cadastro Nacional de Pessoa Jur\u00eddica (CNPJ)<\/a><\/p>\n<p><a href=\"http:\/\/www.receita.fazenda.gov.br\/PessoaJuridica\/CNPJ\/cnpjreva\/Cnpjreva_Solicitacao.asp\" target=\"_blank\">Emiss\u00e3o de Comprovante de Inscri\u00e7\u00e3o e de Situa\u00e7\u00e3o do CNPJ<\/a><\/p>\n<p><a href=\"http:\/\/www.receita.fazenda.gov.br\/PessoaJuridica\/Cafir\/Default1.htm\" target=\"_blank\">Cadastro de Im\u00f3veis Rurais (CAFIR)<\/a><\/p>\n<p><a href=\"http:\/\/www2.dataprev.gov.br\/ceiweb\/index.view\" target=\"_blank\">Concess\u00e3o de Matr\u00edcula CEI<\/a><\/p>\n<p><a href=\"http:\/\/www.receita.fazenda.gov.br\/Certidoes\/ImovelRural.htm\" target=\"_blank\">Certid\u00e3o Negativa de D\u00e9bitos (CND) relativos a Tributos Federais de Im\u00f3vel Rural<\/a><\/p>\n<p><a href=\"http:\/\/www.receita.fazenda.gov.br\/Aplicacoes\/ATSPO\/Certidao\/CndConjuntaInter\/InformaNICertidao.asp?Tipo=2\" target=\"_blank\">Certid\u00e3o Negativa de D\u00e9bitos (CND) de Pessoa F\u00edsica (CPF) na Receita Federal (PGFN)<\/a><\/p>\n<p><a href=\"http:\/\/www.receita.fazenda.gov.br\/Aplicacoes\/ATSPO\/Certidao\/CndConjuntaInter\/InformaNICertidao.asp?Tipo=1\" target=\"_blank\">Certid\u00e3o Negativa de D\u00e9bitos (CND) de Pessoa Jur\u00eddica (CNPJ) na Receita Federal (PGFN)<\/a><\/p>\n<p><a href=\"http:\/\/www.receita.fazenda.gov.br\/Previdencia\/CND\/default.htm\" target=\"_blank\">Certid\u00e3o Negativa de D\u00e9bitos (CND) de Pessoa Jur\u00eddica (CNPJ) &#8211; Orienta\u00e7\u00f5es<\/a><\/p>\n<p><a href=\"http:\/\/www.receita.fazenda.gov.br\/Aplicacoes\/ATSPO\/CalQuotaIrpf2000\/default.htm\" target=\"_blank\">C\u00e1lculo de Quotas do IRPF<\/a><\/p>\n<p><a href=\"http:\/\/www.receita.fazenda.gov.br\/Pessoafisica\/restituicao\/default.htm\" target=\"_blank\">Consulta Restitui\u00e7\u00e3o\/Resultado do IR Pessoa F\u00edsica<\/a><\/p>\n<p><a href=\"http:\/\/www.receita.fazenda.gov.br\/GuiaContribuinte\/Formularios.htm\" target=\"_blank\">Formul\u00e1rios Padronizados para Preenchimento<\/a><\/p>\n<p><a href=\"http:\/\/www.receita.fazenda.gov.br\/Pessoafisica\/receitanet\/default.htm\" target=\"_blank\">Receitanet &#8211; Entrega de Declara\u00e7\u00e3o pela Internet<\/a><\/p>\n<p><a href=\"http:\/\/www.receita.fazenda.gov.br\/Download\/ProgramasPF.htm\" target=\"_blank\">Fornecimento de Programas Pessoa F\u00edsica (PF\/CPF)<\/a><\/p>\n<p><a href=\"http:\/\/www.receita.fazenda.gov.br\/Download\/ProgramasPJ.htm\" target=\"_blank\">Fornecimento de Programas Pessoa Jur\u00eddica (PJ\/CNPJ)<\/a><\/p>\n<p><a href=\"https:\/\/www.sped.fazenda.gov.br\/spedfiscalserver\/ConsultaContribuinte\/Default.aspx\" target=\"_blank\">Consulta da Situa\u00e7\u00e3o no SPED EFD<\/a><\/p>\n<p><a href=\"http:\/\/www.cnae.ibge.gov.br\/\" target=\"_blank\">Consulta do C\u00f3digo Nacional de Atividade Econ\u00f4mica (CNAE)<\/a><\/p>\n<p>&nbsp;<\/p>\n<p><strong>Minist\u00e9rio do Trabalho e Emprego (MTE)<br \/>\n<\/strong><\/p>\n<p><a href=\"http:\/\/www.mte.gov.br\/caged\/default.asp\" target=\"_blank\">Cadastro Geral de Empregados e Desempregados (CAGED)<\/a><\/p>\n<p><a href=\"http:\/\/portal.mte.gov.br\/seg_desemp\/seguro-desemprego-formal-2.htm\" target=\"_blank\">Seguro Desemprego<\/a><\/p>\n<p><a href=\"http:\/\/www.rais.gov.br\/\" target=\"_blank\">Rela\u00e7\u00e3o Anual de Informa\u00e7\u00f5es Sociais (RAIS)<\/a><\/p>\n<p><a href=\"http:\/\/www.mtecbo.gov.br\/\" target=\"_blank\">Classifica\u00e7\u00e3o Brasileira de Ocupa\u00e7\u00f5es (CBO)<\/a><\/p>\n<p>&nbsp;<\/p>\n<p><strong>Legisla\u00e7\u00e3o Federal Vigente<\/strong><\/p>\n<p><a href=\"http:\/\/www.senado.gov.br\/sf\/legislacao\/const\/\" target=\"_blank\">Constitui\u00e7\u00e3o da Rep\u00fablica Federativa do Brasil<\/a><\/p>\n<p><a href=\"http:\/\/www.presidencia.gov.br\/legislacao\/\" target=\"_blank\">Portal da Legisla\u00e7\u00e3o &#8211; Governo Federal<\/a><\/p>\n<p><a href=\"http:\/\/www.planalto.gov.br\/ccivil_03\/Codigos\/quadro_cod.htm\" target=\"_blank\">C\u00f3digos Vigentes<\/a><\/p>\n<p><a href=\"http:\/\/www.planalto.gov.br\/ccivil_03\/Leis\/L5172.htm\" target=\"_blank\">C\u00f3digo Tribut\u00e1rio Nacional<\/a><\/p>\n<p><a href=\"http:\/\/www.planalto.gov.br\/ccivil_03\/Decreto-Lei\/Del5452.htm\" target=\"_blank\">Consolida\u00e7\u00e3o das Leis do Trabalho (CLT)<\/a><\/p>\n<p><a href=\"http:\/\/sijut.fazenda.gov.br\/netahtml\/SijutIntAsp\/ATRPPC00.htm\" target=\"_blank\">Regulamento da Contribui\u00e7\u00e3o Para o PIS,\u00a0PASEP e da COFINS<\/a><\/p>\n<p><a href=\"http:\/\/www.receita.fazenda.gov.br\/Legislacao\/RIR\/default.htm\" target=\"_blank\">Regulamento do Imposto de Renda (RIR\/99)<\/a><\/p>\n<p><a href=\"http:\/\/www.infoconsult.com.br\/regulamento%20do%20ipi\/regulamento%20do%20ipi.htm\" target=\"_blank\">Imposto Sobre Produtos Industrializados (IPI)<\/a><\/p>\n<p><a href=\"http:\/\/sijut.fazenda.gov.br\/netahtml\/sijut\/SijutIntAsp\/ATTIPI00.htm\" target=\"_blank\">Tabela do Imposto Sobre Produtos Industrializados (IPI)<\/a><\/p>\n<p><a href=\"http:\/\/www8.receita.fazenda.gov.br\/SimplesNacional\/\" target=\"_blank\">Simples Nacional<\/a><\/p>\n<div id=\"njcdgcofcbnlbpkpdhmlmiblaglnkpnj\"><\/div>\n<div id=\"icpbravoaccess_loaded\"><\/div>\n","protected":false},"excerpt":{"rendered":"<p>Servi\u00e7os Mais Acessados Nota Fiscal de Servi\u00e7os Eletr\u00f4nica (NFSe) &#8211; PALMITINHO\/RS Emiss\u00e3o de NFe Avulsa &#8211; Secretaria da Fazenda do Estado do Rio Grande do Sul Consulta Nota Fiscal Eletr\u00f4nica (NFe) Completa Consulta Nota Fiscal Eletr\u00f4nica (NFe) Resumo Certificado de<\/p>\n","protected":false},"author":1,"featured_media":0,"parent":0,"menu_order":0,"comment_status":"closed","ping_status":"closed","template":"","meta":{"footnotes":""},"class_list":["post-7","page","type-page","status-publish","hentry"],"_links":{"self":[{"href":"https:\/\/bertoldocontabilidade.com.br\/index.php\/wp-json\/wp\/v2\/pages\/7","targetHints":{"allow":["GET"]}}],"collection":[{"href":"https:\/\/bertoldocontabilidade.com.br\/index.php\/wp-json\/wp\/v2\/pages"}],"about":[{"href":"https:\/\/bertoldocontabilidade.com.br\/index.php\/wp-json\/wp\/v2\/types\/page"}],"author":[{"embeddable":true,"href":"https:\/\/bertoldocontabilidade.com.br\/index.php\/wp-json\/wp\/v2\/users\/1"}],"replies":[{"embeddable":true,"href":"https:\/\/bertoldocontabilidade.com.br\/index.php\/wp-json\/wp\/v2\/comments?post=7"}],"version-history":[{"count":11,"href":"https:\/\/bertoldocontabilidade.com.br\/index.php\/wp-json\/wp\/v2\/pages\/7\/revisions"}],"predecessor-version":[{"id":15,"href":"https:\/\/bertoldocontabilidade.com.br\/index.php\/wp-json\/wp\/v2\/pages\/7\/revisions\/15"}],"wp:attachment":[{"href":"https:\/\/bertoldocontabilidade.com.br\/index.php\/wp-json\/wp\/v2\/media?parent=7"}],"curies":[{"name":"wp","href":"https:\/\/api.w.org\/{rel}","templated":true}]}}